{"id":1522,"date":"2023-11-11T15:52:20","date_gmt":"2023-11-11T15:52:20","guid":{"rendered":"https:\/\/magicsmile-cluj.ro\/?page_id=1522"},"modified":"2026-05-15T14:55:56","modified_gmt":"2026-05-15T13:55:56","slug":"edodontie","status":"publish","type":"page","link":"https:\/\/magicsmile-cluj.ro\/index.php\/edodontie\/","title":{"rendered":"Endodon\u021bie"},"content":{"rendered":"\t\t<div data-elementor-type=\"wp-page\" data-elementor-id=\"1522\" class=\"elementor elementor-1522\">\n\t\t\t\t\t\t\t\t\t<section class=\"elementor-section elementor-top-section elementor-element elementor-element-c3d0c92 elementor-reverse-mobile elementor-section-boxed elementor-section-height-default elementor-section-height-default\" data-id=\"c3d0c92\" data-element_type=\"section\">\n\t\t\t\t\t\t<div class=\"elementor-container elementor-column-gap-default\">\n\t\t\t\t\t<div class=\"elementor-column elementor-col-50 elementor-top-column elementor-element elementor-element-99be7e8\" data-id=\"99be7e8\" data-element_type=\"column\" data-settings=\"{&quot;background_background&quot;:&quot;classic&quot;}\">\n\t\t\t<div class=\"elementor-widget-wrap elementor-element-populated\">\n\t\t\t\t\t\t\t\t<div class=\"elementor-element elementor-element-91a4e19 elementor-widget__width-initial elementor-align-left elementor-list-item-link-full_width elementor-widget elementor-widget-icon-list\" data-id=\"91a4e19\" data-element_type=\"widget\" data-widget_type=\"icon-list.default\">\n\t\t\t\t<div class=\"elementor-widget-container\">\n\t\t\t<link rel=\"stylesheet\" href=\"https:\/\/magicsmile-cluj.ro\/wp-content\/plugins\/elementor\/assets\/css\/widget-icon-list.min.css\">\t\t<ul class=\"elementor-icon-list-items\">\n\t\t\t\t\t\t\t<li class=\"elementor-icon-list-item\">\n\t\t\t\t\t\t\t\t\t\t\t<span class=\"elementor-icon-list-icon\">\n\t\t\t\t\t\t\t<i aria-hidden=\"true\" class=\"far fa-calendar-alt\"><\/i>\t\t\t\t\t\t<\/span>\n\t\t\t\t\t\t\t\t\t\t<span class=\"elementor-icon-list-text\">Program<\/span>\n\t\t\t\t\t\t\t\t\t<\/li>\n\t\t\t\t\t\t<\/ul>\n\t\t\t\t<\/div>\n\t\t\t\t<\/div>\n\t\t\t\t<div class=\"elementor-element elementor-element-45f14a9 elementor-widget-divider--view-line elementor-widget elementor-widget-divider\" data-id=\"45f14a9\" data-element_type=\"widget\" data-widget_type=\"divider.default\">\n\t\t\t\t<div class=\"elementor-widget-container\">\n\t\t\t<style>\/*! elementor - v3.17.0 - 08-11-2023 *\/\n.elementor-widget-divider{--divider-border-style:none;--divider-border-width:1px;--divider-color:#0c0d0e;--divider-icon-size:20px;--divider-element-spacing:10px;--divider-pattern-height:24px;--divider-pattern-size:20px;--divider-pattern-url:none;--divider-pattern-repeat:repeat-x}.elementor-widget-divider .elementor-divider{display:flex}.elementor-widget-divider .elementor-divider__text{font-size:15px;line-height:1;max-width:95%}.elementor-widget-divider .elementor-divider__element{margin:0 var(--divider-element-spacing);flex-shrink:0}.elementor-widget-divider .elementor-icon{font-size:var(--divider-icon-size)}.elementor-widget-divider .elementor-divider-separator{display:flex;margin:0;direction:ltr}.elementor-widget-divider--view-line_icon .elementor-divider-separator,.elementor-widget-divider--view-line_text .elementor-divider-separator{align-items:center}.elementor-widget-divider--view-line_icon .elementor-divider-separator:after,.elementor-widget-divider--view-line_icon .elementor-divider-separator:before,.elementor-widget-divider--view-line_text .elementor-divider-separator:after,.elementor-widget-divider--view-line_text .elementor-divider-separator:before{display:block;content:\"\";border-bottom:0;flex-grow:1;border-top:var(--divider-border-width) var(--divider-border-style) var(--divider-color)}.elementor-widget-divider--element-align-left .elementor-divider .elementor-divider-separator>.elementor-divider__svg:first-of-type{flex-grow:0;flex-shrink:100}.elementor-widget-divider--element-align-left .elementor-divider-separator:before{content:none}.elementor-widget-divider--element-align-left .elementor-divider__element{margin-left:0}.elementor-widget-divider--element-align-right .elementor-divider .elementor-divider-separator>.elementor-divider__svg:last-of-type{flex-grow:0;flex-shrink:100}.elementor-widget-divider--element-align-right .elementor-divider-separator:after{content:none}.elementor-widget-divider--element-align-right .elementor-divider__element{margin-right:0}.elementor-widget-divider:not(.elementor-widget-divider--view-line_text):not(.elementor-widget-divider--view-line_icon) .elementor-divider-separator{border-top:var(--divider-border-width) var(--divider-border-style) var(--divider-color)}.elementor-widget-divider--separator-type-pattern{--divider-border-style:none}.elementor-widget-divider--separator-type-pattern.elementor-widget-divider--view-line .elementor-divider-separator,.elementor-widget-divider--separator-type-pattern:not(.elementor-widget-divider--view-line) .elementor-divider-separator:after,.elementor-widget-divider--separator-type-pattern:not(.elementor-widget-divider--view-line) .elementor-divider-separator:before,.elementor-widget-divider--separator-type-pattern:not([class*=elementor-widget-divider--view]) .elementor-divider-separator{width:100%;min-height:var(--divider-pattern-height);-webkit-mask-size:var(--divider-pattern-size) 100%;mask-size:var(--divider-pattern-size) 100%;-webkit-mask-repeat:var(--divider-pattern-repeat);mask-repeat:var(--divider-pattern-repeat);background-color:var(--divider-color);-webkit-mask-image:var(--divider-pattern-url);mask-image:var(--divider-pattern-url)}.elementor-widget-divider--no-spacing{--divider-pattern-size:auto}.elementor-widget-divider--bg-round{--divider-pattern-repeat:round}.rtl .elementor-widget-divider .elementor-divider__text{direction:rtl}.e-con-inner>.elementor-widget-divider,.e-con>.elementor-widget-divider{width:var(--container-widget-width,100%);--flex-grow:var(--container-widget-flex-grow)}<\/style>\t\t<div class=\"elementor-divider\">\n\t\t\t<span class=\"elementor-divider-separator\">\n\t\t\t\t\t\t<\/span>\n\t\t<\/div>\n\t\t\t\t<\/div>\n\t\t\t\t<\/div>\n\t\t\t\t<div class=\"elementor-element elementor-element-59ae4f1 elementor-widget elementor-widget-text-editor\" data-id=\"59ae4f1\" data-element_type=\"widget\" data-widget_type=\"text-editor.default\">\n\t\t\t\t<div class=\"elementor-widget-container\">\n\t\t\t<style>\/*! elementor - v3.17.0 - 08-11-2023 *\/\n.elementor-widget-text-editor.elementor-drop-cap-view-stacked .elementor-drop-cap{background-color:#69727d;color:#fff}.elementor-widget-text-editor.elementor-drop-cap-view-framed .elementor-drop-cap{color:#69727d;border:3px solid;background-color:transparent}.elementor-widget-text-editor:not(.elementor-drop-cap-view-default) .elementor-drop-cap{margin-top:8px}.elementor-widget-text-editor:not(.elementor-drop-cap-view-default) .elementor-drop-cap-letter{width:1em;height:1em}.elementor-widget-text-editor .elementor-drop-cap{float:left;text-align:center;line-height:1;font-size:50px}.elementor-widget-text-editor .elementor-drop-cap-letter{display:inline-block}<\/style>\t\t\t\t<p>Luni\u00a0 \u00a0 \u00a0 \u00a0 \u00a0 \u00a0 10:00 &#8211; 20:00<\/p><p>Marti\u00a0 \u00a0 \u00a0 \u00a0 \u00a0 10:00 &#8211; 20:00<\/p><p>Miercuri\u00a0 \u00a0 \u00a010:00 &#8211; 20:00<\/p><p>Joi\u00a0 \u00a0 \u00a0 \u00a0 \u00a0 \u00a0 \u00a0 \u00a0 10:00 &#8211; 20:00<\/p><p>Vineri\u00a0 \u00a0 \u00a0 \u00a0 \u00a0 10:00 &#8211; 20:00<\/p><p>Sambata\u00a0 \u00a0 \u00a010:00 &#8211; 14:00<\/p>\t\t\t\t\t\t<\/div>\n\t\t\t\t<\/div>\n\t\t\t\t<div class=\"elementor-element elementor-element-85f275d elementor-widget-divider--view-line elementor-widget elementor-widget-divider\" data-id=\"85f275d\" data-element_type=\"widget\" data-widget_type=\"divider.default\">\n\t\t\t\t<div class=\"elementor-widget-container\">\n\t\t\t\t\t<div class=\"elementor-divider\">\n\t\t\t<span class=\"elementor-divider-separator\">\n\t\t\t\t\t\t<\/span>\n\t\t<\/div>\n\t\t\t\t<\/div>\n\t\t\t\t<\/div>\n\t\t\t\t<div class=\"elementor-element elementor-element-3eb223e elementor-widget__width-initial elementor-align-left elementor-icon-list--layout-traditional elementor-list-item-link-full_width elementor-widget elementor-widget-icon-list\" data-id=\"3eb223e\" data-element_type=\"widget\" data-widget_type=\"icon-list.default\">\n\t\t\t\t<div class=\"elementor-widget-container\">\n\t\t\t\t\t<ul class=\"elementor-icon-list-items\">\n\t\t\t\t\t\t\t<li class=\"elementor-icon-list-item\">\n\t\t\t\t\t\t\t\t\t\t\t<a href=\"tel:0745454270\">\n\n\t\t\t\t\t\t\t\t\t\t\t\t<span class=\"elementor-icon-list-icon\">\n\t\t\t\t\t\t\t<i aria-hidden=\"true\" class=\"fas fa-phone\"><\/i>\t\t\t\t\t\t<\/span>\n\t\t\t\t\t\t\t\t\t\t<span class=\"elementor-icon-list-text\">0745.454.270<\/span>\n\t\t\t\t\t\t\t\t\t\t\t<\/a>\n\t\t\t\t\t\t\t\t\t<\/li>\n\t\t\t\t\t\t\t\t<li class=\"elementor-icon-list-item\">\n\t\t\t\t\t\t\t\t\t\t\t<span class=\"elementor-icon-list-icon\">\n\t\t\t\t\t\t\t<i aria-hidden=\"true\" class=\"fas fa-home\"><\/i>\t\t\t\t\t\t<\/span>\n\t\t\t\t\t\t\t\t\t\t<span class=\"elementor-icon-list-text\">Strada Tulcea nr 30 - intersectia cu Strada Dunarii<\/span>\n\t\t\t\t\t\t\t\t\t<\/li>\n\t\t\t\t\t\t\t\t<li class=\"elementor-icon-list-item\">\n\t\t\t\t\t\t\t\t\t\t\t<span class=\"elementor-icon-list-icon\">\n\t\t\t\t\t\t\t<i aria-hidden=\"true\" class=\"fas fa-envelope\"><\/i>\t\t\t\t\t\t<\/span>\n\t\t\t\t\t\t\t\t\t\t<span class=\"elementor-icon-list-text\">contact@magicsmile-cluj.ro<\/span>\n\t\t\t\t\t\t\t\t\t<\/li>\n\t\t\t\t\t\t<\/ul>\n\t\t\t\t<\/div>\n\t\t\t\t<\/div>\n\t\t\t\t<div class=\"elementor-element elementor-element-20a555e elementor-widget elementor-widget-google_maps\" data-id=\"20a555e\" data-element_type=\"widget\" data-widget_type=\"google_maps.default\">\n\t\t\t\t<div class=\"elementor-widget-container\">\n\t\t\t<style>\/*! elementor - v3.17.0 - 08-11-2023 *\/\n.elementor-widget-google_maps .elementor-widget-container{overflow:hidden}.elementor-widget-google_maps .elementor-custom-embed{line-height:0}.elementor-widget-google_maps iframe{height:300px}<\/style>\t\t<div class=\"elementor-custom-embed\">\n\t\t\t<iframe loading=\"lazy\"\n\t\t\t\t\tsrc=\"https:\/\/maps.google.com\/maps?q=Strada%20Tulcea%20nr%2030&#038;t=m&#038;z=16&#038;output=embed&#038;iwloc=near\"\n\t\t\t\t\ttitle=\"Strada Tulcea nr 30\"\n\t\t\t\t\taria-label=\"Strada Tulcea nr 30\"\n\t\t\t><\/iframe>\n\t\t<\/div>\n\t\t\t\t<\/div>\n\t\t\t\t<\/div>\n\t\t\t\t\t<\/div>\n\t\t<\/div>\n\t\t\t\t<div class=\"elementor-column elementor-col-50 elementor-top-column elementor-element elementor-element-13e6d22\" data-id=\"13e6d22\" data-element_type=\"column\">\n\t\t\t<div class=\"elementor-widget-wrap elementor-element-populated\">\n\t\t\t\t\t\t\t\t<div class=\"elementor-element elementor-element-ea1465c elementor-widget__width-initial elementor-widget-mobile__width-initial elementor-widget elementor-widget-text-editor\" data-id=\"ea1465c\" data-element_type=\"widget\" data-widget_type=\"text-editor.default\">\n\t\t\t\t<div class=\"elementor-widget-container\">\n\t\t\t\t\t\t\t<p><b>Tratamente endodontice la microscop Cluj Napoca<\/b><\/p><p>\u00a0 \u00a0 \u00a0Tratamentul endodontic, cunoscut de pacien\u021bi ca \u0219i tratament de canal, este un procedeu medical stomatologic folosit pentru a trata afec\u021biunile interne ale din\u021bilor, mai precis ale pulpei dentare \u0219i ale sistemului de canale radiculare.\u00a0 \u00a0<\/p><p><span style=\"background-color: var(--ast-global-color-4); color: var(--ast-global-color-3); font-style: inherit; font-weight: inherit;\">\u00a0 Microscopul \u00een endodon\u021bie joac\u0103 un rol esen\u021bial \u00een \u00eembun\u0103t\u0103\u021birea calit\u0103\u021bii tratamentului \u0219i \u00een cre\u0219terea succesului procedurilor endodontice.Utilizarea microscopului \u00een acest context ofer\u0103 avantaje semnificative pentru medicii endodon\u021bi \u0219i pentru pacien\u021bi :<\/span><\/p>\t\t\t\t\t\t<\/div>\n\t\t\t\t<\/div>\n\t\t\t\t<div class=\"elementor-element elementor-element-33dd36a elementor-widget-tablet__width-initial elementor-widget elementor-widget-image\" data-id=\"33dd36a\" data-element_type=\"widget\" data-widget_type=\"image.default\">\n\t\t\t\t<div class=\"elementor-widget-container\">\n\t\t\t<style>\/*! elementor - v3.17.0 - 08-11-2023 *\/\n.elementor-widget-image{text-align:center}.elementor-widget-image a{display:inline-block}.elementor-widget-image a img[src$=\".svg\"]{width:48px}.elementor-widget-image img{vertical-align:middle;display:inline-block}<\/style>\t\t\t\t\t\t\t\t\t\t\t\t<img decoding=\"async\" width=\"683\" height=\"1024\" src=\"https:\/\/magicsmile-cluj.ro\/wp-content\/uploads\/2024\/02\/MS-CJ_007-683x1024.jpg\" class=\"attachment-large size-large wp-image-2137\" alt=\"\" loading=\"lazy\" srcset=\"https:\/\/magicsmile-cluj.ro\/wp-content\/uploads\/2024\/02\/MS-CJ_007-683x1024.jpg 683w, https:\/\/magicsmile-cluj.ro\/wp-content\/uploads\/2024\/02\/MS-CJ_007-200x300.jpg 200w, https:\/\/magicsmile-cluj.ro\/wp-content\/uploads\/2024\/02\/MS-CJ_007-768x1152.jpg 768w, https:\/\/magicsmile-cluj.ro\/wp-content\/uploads\/2024\/02\/MS-CJ_007-1024x1536.jpg 1024w, https:\/\/magicsmile-cluj.ro\/wp-content\/uploads\/2024\/02\/MS-CJ_007-1365x2048.jpg 1365w, https:\/\/magicsmile-cluj.ro\/wp-content\/uploads\/2024\/02\/MS-CJ_007-scaled.jpg 1707w\" sizes=\"(max-width: 683px) 100vw, 683px\" \/>\t\t\t\t\t\t\t\t\t\t\t\t\t\t\t<\/div>\n\t\t\t\t<\/div>\n\t\t\t\t<div class=\"elementor-element elementor-element-803a266 elementor-widget elementor-widget-text-editor\" data-id=\"803a266\" data-element_type=\"widget\" data-widget_type=\"text-editor.default\">\n\t\t\t\t<div class=\"elementor-widget-container\">\n\t\t\t\t\t\t\t<p><b>1. Vizualizare \u00eembun\u0103t\u0103\u021bit\u0103 :<\/b>&nbsp;<\/p>\n<p>&nbsp; &nbsp; Microscopul ofer\u0103 o vizualizare extrem de precis\u0103, amplific\u00e2nd de p\u00e2n\u0103 de 12,5 ori a structurilor interne ale din\u021bilor \u0219i a canalelor radiculare. Aceasta permite medicului endodont s\u0103 observe \u00een detaliu anatomicia complex\u0103 a canalelor, inclusiv canalele laterale, ramifica\u021biile \u0219i curburile, ceea ce faciliteaz\u0103 tratamentul \u0219i cur\u0103\u021barea adecvat\u0103.<\/p>\n<p><b>2. Identificarea mai eficient\u0103 a canalelor:<\/b><\/p>\n<p>&nbsp; &nbsp; Microscopul ajut\u0103 medicul endodont s\u0103 identifice \u0219i s\u0103 localizeze mai precis toate canalele radiculare. Uneori, din\u021bii pot avea canale suplimentare sau ramifica\u021bii ascunse, care pot fi dificil de observat cu ochiul liber. Microscopul faciliteaz\u0103 identificarea acestor caracteristici anatomice \u0219i tratamentul lor corespunz\u0103tor.<\/p>\n<p><b>3. Reducerea riscului de eroare:<\/b>&nbsp;<\/p>\n<p>&nbsp; &nbsp; Datorit\u0103 m\u0103ririi \u0219i a clarit\u0103\u021bii imaginii oferite de microscop, medicul endodont poate evita mai u\u0219or erorile \u00een timpul procedurilor endodontice. Acest lucru ajut\u0103 la reducerea riscului de fractur\u0103 accidental\u0103 a unui instrument \u00een canalul radicular sau de neglijare a unei zone infectate.<\/p>\n<p><b>4. Durat\u0103 de via\u021b\u0103 mai lung\u0103 a din\u021bilor trata\u021bi:&nbsp;<\/b><\/p>\n<p>&nbsp; &nbsp; Utilizarea microscopului \u00een endodon\u021bie poate contribui la ob\u021binerea unor rezultate durabile \u0219i de succes. Tratamentele efectuate cu precizie \u0219i aten\u021bie la detalii pot prelungi durata de via\u021b\u0103 a din\u021bilor trata\u021bi, evit\u00e2nd necesitatea extragerii ulterioare sau a altor interven\u021bii costisitoare.<\/p>\t\t\t\t\t\t<\/div>\n\t\t\t\t<\/div>\n\t\t\t\t\t<\/div>\n\t\t<\/div>\n\t\t\t\t\t\t\t<\/div>\n\t\t<\/section>\n\t\t\t\t<section class=\"elementor-section elementor-top-section elementor-element elementor-element-eaf194f elementor-section-boxed elementor-section-height-default elementor-section-height-default\" data-id=\"eaf194f\" data-element_type=\"section\">\n\t\t\t\t\t\t<div class=\"elementor-container elementor-column-gap-default\">\n\t\t\t\t\t<div class=\"elementor-column elementor-col-100 elementor-top-column elementor-element elementor-element-7c43eca\" data-id=\"7c43eca\" data-element_type=\"column\">\n\t\t\t<div class=\"elementor-widget-wrap elementor-element-populated\">\n\t\t\t\t\t\t\t\t<div class=\"elementor-element elementor-element-f551d8c elementor-widget__width-initial elementor-widget elementor-widget-image\" data-id=\"f551d8c\" data-element_type=\"widget\" data-widget_type=\"image.default\">\n\t\t\t\t<div class=\"elementor-widget-container\">\n\t\t\t\t\t\t\t\t\t\t\t\t\t\t\t<img decoding=\"async\" width=\"678\" height=\"1024\" src=\"https:\/\/magicsmile-cluj.ro\/wp-content\/uploads\/2026\/05\/Stana-678x1024.jpeg\" class=\"attachment-large size-large wp-image-2366\" alt=\"\" loading=\"lazy\" srcset=\"https:\/\/magicsmile-cluj.ro\/wp-content\/uploads\/2026\/05\/Stana-678x1024.jpeg 678w, https:\/\/magicsmile-cluj.ro\/wp-content\/uploads\/2026\/05\/Stana-199x300.jpeg 199w, https:\/\/magicsmile-cluj.ro\/wp-content\/uploads\/2026\/05\/Stana-768x1159.jpeg 768w, https:\/\/magicsmile-cluj.ro\/wp-content\/uploads\/2026\/05\/Stana-1018x1536.jpeg 1018w, https:\/\/magicsmile-cluj.ro\/wp-content\/uploads\/2026\/05\/Stana-1357x2048.jpeg 1357w, https:\/\/magicsmile-cluj.ro\/wp-content\/uploads\/2026\/05\/Stana-scaled.jpeg 1696w\" sizes=\"(max-width: 678px) 100vw, 678px\" \/>\t\t\t\t\t\t\t\t\t\t\t\t\t\t\t<\/div>\n\t\t\t\t<\/div>\n\t\t\t\t<div class=\"elementor-element elementor-element-075f32c elementor-widget__width-initial elementor-widget-mobile__width-initial elementor-widget elementor-widget-text-editor\" data-id=\"075f32c\" data-element_type=\"widget\" data-widget_type=\"text-editor.default\">\n\t\t\t\t<div class=\"elementor-widget-container\">\n\t\t\t\t\t\t\t<p>\u00a0<b>DR. STANA CRISTINA<\/b><\/p><p><b style=\"font-style: inherit; background-color: var(--ast-global-color-4); color: var(--ast-global-color-3);\">Medic specialist endodont<\/b><\/p>\t\t\t\t\t\t<\/div>\n\t\t\t\t<\/div>\n\t\t\t\t\t<\/div>\n\t\t<\/div>\n\t\t\t\t\t\t\t<\/div>\n\t\t<\/section>\n\t\t\t\t\t\t\t<\/div>\n\t\t","protected":false},"excerpt":{"rendered":"<p>Program Luni\u00a0 \u00a0 \u00a0 \u00a0 \u00a0 \u00a0 10:00 &#8211; 20:00 Marti\u00a0 \u00a0 \u00a0 \u00a0 \u00a0 10:00 &#8211; 20:00 Miercuri\u00a0 \u00a0 \u00a010:00 &#8211; 20:00 Joi\u00a0 \u00a0 \u00a0 \u00a0 \u00a0 \u00a0 \u00a0 \u00a0 10:00 &#8211; 20:00 Vineri\u00a0 \u00a0 \u00a0 \u00a0 \u00a0 10:00 &#8211; 20:00 Sambata\u00a0 \u00a0 \u00a010:00 &#8211; 14:00 0745.454.270 Strada Tulcea nr 30 &#8211; intersectia cu &hellip;<\/p>\n<p class=\"read-more\"> <a class=\"\" href=\"https:\/\/magicsmile-cluj.ro\/index.php\/edodontie\/\"> <span class=\"screen-reader-text\">Endodon\u021bie<\/span> Read More &raquo;<\/a><\/p>\n","protected":false},"author":1,"featured_media":0,"parent":0,"menu_order":0,"comment_status":"closed","ping_status":"closed","template":"","meta":{"site-sidebar-layout":"no-sidebar","site-content-layout":"page-builder","ast-global-header-display":"","ast-banner-title-visibility":"","ast-main-header-display":"","ast-hfb-above-header-display":"","ast-hfb-below-header-display":"","ast-hfb-mobile-header-display":"","site-post-title":"disabled","ast-breadcrumbs-content":"","ast-featured-img":"disabled","footer-sml-layout":"","theme-transparent-header-meta":"","adv-header-id-meta":"","stick-header-meta":"","header-above-stick-meta":"","header-main-stick-meta":"","header-below-stick-meta":"","_joinchat":[]},"yoast_head":"<!-- This site is optimized with the Yoast SEO plugin v21.8 - https:\/\/yoast.com\/wordpress\/plugins\/seo\/ -->\n<title>Endodon\u021bie - Stomatologie intre lacuri cluj<\/title>\n<meta name=\"description\" content=\"Stomatologie cluj magic smile cartier intre lacuri\" \/>\n<meta name=\"robots\" content=\"index, follow, max-snippet:-1, max-image-preview:large, max-video-preview:-1\" \/>\n<link rel=\"canonical\" href=\"https:\/\/magicsmile-cluj.ro\/index.php\/edodontie\/\" \/>\n<meta property=\"og:locale\" content=\"en_GB\" \/>\n<meta property=\"og:type\" content=\"article\" \/>\n<meta property=\"og:title\" content=\"Endodon\u021bie - Stomatologie intre lacuri cluj\" \/>\n<meta property=\"og:description\" content=\"Stomatologie cluj magic smile cartier intre lacuri\" \/>\n<meta property=\"og:url\" content=\"https:\/\/magicsmile-cluj.ro\/index.php\/edodontie\/\" \/>\n<meta property=\"og:site_name\" content=\"magicsmile-cluj\" \/>\n<meta property=\"article:modified_time\" content=\"2026-05-15T13:55:56+00:00\" \/>\n<meta property=\"og:image\" content=\"http:\/\/magicsmile-cluj.ro\/wp-content\/uploads\/2024\/02\/MS-CJ_007-683x1024.jpg\" \/>\n<meta name=\"twitter:card\" content=\"summary_large_image\" \/>\n<meta name=\"twitter:label1\" content=\"Estimated reading time\" \/>\n\t<meta name=\"twitter:data1\" content=\"2 minutes\" \/>\n<script type=\"application\/ld+json\" class=\"yoast-schema-graph\">{\"@context\":\"https:\/\/schema.org\",\"@graph\":[{\"@type\":\"WebPage\",\"@id\":\"https:\/\/magicsmile-cluj.ro\/index.php\/edodontie\/\",\"url\":\"https:\/\/magicsmile-cluj.ro\/index.php\/edodontie\/\",\"name\":\"Endodon\u021bie - Stomatologie intre lacuri cluj\",\"isPartOf\":{\"@id\":\"https:\/\/magicsmile-cluj.ro\/#website\"},\"datePublished\":\"2023-11-11T15:52:20+00:00\",\"dateModified\":\"2026-05-15T13:55:56+00:00\",\"description\":\"Stomatologie cluj magic smile cartier intre lacuri\",\"breadcrumb\":{\"@id\":\"https:\/\/magicsmile-cluj.ro\/index.php\/edodontie\/#breadcrumb\"},\"inLanguage\":\"en-GB\",\"potentialAction\":[{\"@type\":\"ReadAction\",\"target\":[\"https:\/\/magicsmile-cluj.ro\/index.php\/edodontie\/\"]}]},{\"@type\":\"BreadcrumbList\",\"@id\":\"https:\/\/magicsmile-cluj.ro\/index.php\/edodontie\/#breadcrumb\",\"itemListElement\":[{\"@type\":\"ListItem\",\"position\":1,\"name\":\"Home\",\"item\":\"https:\/\/magicsmile-cluj.ro\/\"},{\"@type\":\"ListItem\",\"position\":2,\"name\":\"Endodon\u021bie\"}]},{\"@type\":\"WebSite\",\"@id\":\"https:\/\/magicsmile-cluj.ro\/#website\",\"url\":\"https:\/\/magicsmile-cluj.ro\/\",\"name\":\"magicsmile-cluj\",\"description\":\"Stomatologie intre lacuri cluj\",\"publisher\":{\"@id\":\"https:\/\/magicsmile-cluj.ro\/#organization\"},\"potentialAction\":[{\"@type\":\"SearchAction\",\"target\":{\"@type\":\"EntryPoint\",\"urlTemplate\":\"https:\/\/magicsmile-cluj.ro\/?s={search_term_string}\"},\"query-input\":\"required name=search_term_string\"}],\"inLanguage\":\"en-GB\"},{\"@type\":\"Organization\",\"@id\":\"https:\/\/magicsmile-cluj.ro\/#organization\",\"name\":\"magic smile cluj stomatologie\",\"url\":\"https:\/\/magicsmile-cluj.ro\/\",\"logo\":{\"@type\":\"ImageObject\",\"inLanguage\":\"en-GB\",\"@id\":\"https:\/\/magicsmile-cluj.ro\/#\/schema\/logo\/image\/\",\"url\":\"https:\/\/magicsmile-cluj.ro\/wp-content\/uploads\/2023\/11\/logo.jpg\",\"contentUrl\":\"https:\/\/magicsmile-cluj.ro\/wp-content\/uploads\/2023\/11\/logo.jpg\",\"width\":1600,\"height\":625,\"caption\":\"magic smile cluj stomatologie\"},\"image\":{\"@id\":\"https:\/\/magicsmile-cluj.ro\/#\/schema\/logo\/image\/\"},\"sameAs\":[\"https:\/\/www.instagram.com\/magicsmilecluj\/\"]}]}<\/script>\n<!-- \/ Yoast SEO plugin. -->","yoast_head_json":{"title":"Endodon\u021bie - Stomatologie intre lacuri cluj","description":"Stomatologie cluj magic smile cartier intre lacuri","robots":{"index":"index","follow":"follow","max-snippet":"max-snippet:-1","max-image-preview":"max-image-preview:large","max-video-preview":"max-video-preview:-1"},"canonical":"https:\/\/magicsmile-cluj.ro\/index.php\/edodontie\/","og_locale":"en_GB","og_type":"article","og_title":"Endodon\u021bie - Stomatologie intre lacuri cluj","og_description":"Stomatologie cluj magic smile cartier intre lacuri","og_url":"https:\/\/magicsmile-cluj.ro\/index.php\/edodontie\/","og_site_name":"magicsmile-cluj","article_modified_time":"2026-05-15T13:55:56+00:00","og_image":[{"url":"http:\/\/magicsmile-cluj.ro\/wp-content\/uploads\/2024\/02\/MS-CJ_007-683x1024.jpg"}],"twitter_card":"summary_large_image","twitter_misc":{"Estimated reading time":"2 minutes"},"schema":{"@context":"https:\/\/schema.org","@graph":[{"@type":"WebPage","@id":"https:\/\/magicsmile-cluj.ro\/index.php\/edodontie\/","url":"https:\/\/magicsmile-cluj.ro\/index.php\/edodontie\/","name":"Endodon\u021bie - Stomatologie intre lacuri cluj","isPartOf":{"@id":"https:\/\/magicsmile-cluj.ro\/#website"},"datePublished":"2023-11-11T15:52:20+00:00","dateModified":"2026-05-15T13:55:56+00:00","description":"Stomatologie cluj magic smile cartier intre lacuri","breadcrumb":{"@id":"https:\/\/magicsmile-cluj.ro\/index.php\/edodontie\/#breadcrumb"},"inLanguage":"en-GB","potentialAction":[{"@type":"ReadAction","target":["https:\/\/magicsmile-cluj.ro\/index.php\/edodontie\/"]}]},{"@type":"BreadcrumbList","@id":"https:\/\/magicsmile-cluj.ro\/index.php\/edodontie\/#breadcrumb","itemListElement":[{"@type":"ListItem","position":1,"name":"Home","item":"https:\/\/magicsmile-cluj.ro\/"},{"@type":"ListItem","position":2,"name":"Endodon\u021bie"}]},{"@type":"WebSite","@id":"https:\/\/magicsmile-cluj.ro\/#website","url":"https:\/\/magicsmile-cluj.ro\/","name":"magicsmile-cluj","description":"Stomatologie intre lacuri cluj","publisher":{"@id":"https:\/\/magicsmile-cluj.ro\/#organization"},"potentialAction":[{"@type":"SearchAction","target":{"@type":"EntryPoint","urlTemplate":"https:\/\/magicsmile-cluj.ro\/?s={search_term_string}"},"query-input":"required name=search_term_string"}],"inLanguage":"en-GB"},{"@type":"Organization","@id":"https:\/\/magicsmile-cluj.ro\/#organization","name":"magic smile cluj stomatologie","url":"https:\/\/magicsmile-cluj.ro\/","logo":{"@type":"ImageObject","inLanguage":"en-GB","@id":"https:\/\/magicsmile-cluj.ro\/#\/schema\/logo\/image\/","url":"https:\/\/magicsmile-cluj.ro\/wp-content\/uploads\/2023\/11\/logo.jpg","contentUrl":"https:\/\/magicsmile-cluj.ro\/wp-content\/uploads\/2023\/11\/logo.jpg","width":1600,"height":625,"caption":"magic smile cluj stomatologie"},"image":{"@id":"https:\/\/magicsmile-cluj.ro\/#\/schema\/logo\/image\/"},"sameAs":["https:\/\/www.instagram.com\/magicsmilecluj\/"]}]}},"_links":{"self":[{"href":"https:\/\/magicsmile-cluj.ro\/index.php\/wp-json\/wp\/v2\/pages\/1522"}],"collection":[{"href":"https:\/\/magicsmile-cluj.ro\/index.php\/wp-json\/wp\/v2\/pages"}],"about":[{"href":"https:\/\/magicsmile-cluj.ro\/index.php\/wp-json\/wp\/v2\/types\/page"}],"author":[{"embeddable":true,"href":"https:\/\/magicsmile-cluj.ro\/index.php\/wp-json\/wp\/v2\/users\/1"}],"replies":[{"embeddable":true,"href":"https:\/\/magicsmile-cluj.ro\/index.php\/wp-json\/wp\/v2\/comments?post=1522"}],"version-history":[{"count":173,"href":"https:\/\/magicsmile-cluj.ro\/index.php\/wp-json\/wp\/v2\/pages\/1522\/revisions"}],"predecessor-version":[{"id":2372,"href":"https:\/\/magicsmile-cluj.ro\/index.php\/wp-json\/wp\/v2\/pages\/1522\/revisions\/2372"}],"wp:attachment":[{"href":"https:\/\/magicsmile-cluj.ro\/index.php\/wp-json\/wp\/v2\/media?parent=1522"}],"curies":[{"name":"wp","href":"https:\/\/api.w.org\/{rel}","templated":true}]}}